{"id":89,"date":"2020-06-17T09:10:17","date_gmt":"2020-06-17T07:10:17","guid":{"rendered":"https:\/\/q-calls.be\/?page_id=89"},"modified":"2021-11-15T10:59:48","modified_gmt":"2021-11-15T09:59:48","slug":"medisch-telesecretariaat","status":"publish","type":"page","link":"https:\/\/q-calls.be\/fr\/medisch-telesecretariaat\/","title":{"rendered":"t\u00e9l\u00e9secr\u00e9tariat m\u00e9dical"},"content":{"rendered":"","protected":false},"excerpt":{"rendered":"","protected":false},"author":1,"featured_media":0,"parent":0,"menu_order":0,"comment_status":"closed","ping_status":"closed","template":"","meta":{"_seopress_robots_primary_cat":"","_seopress_titles_title":"Medisch Telesecretariaat - Q-Calls  Contact Center","_seopress_titles_desc":"Medisch telesecretariaat voor uw pati\u00ebnten en minder gestoord worden als huisarts. Q-Calls uw contact center.","_seopress_robots_index":"","footnotes":""},"class_list":["post-89","page","type-page","status-publish","hentry"],"_links":{"self":[{"href":"https:\/\/q-calls.be\/fr\/wp-json\/wp\/v2\/pages\/89","targetHints":{"allow":["GET"]}}],"collection":[{"href":"https:\/\/q-calls.be\/fr\/wp-json\/wp\/v2\/pages"}],"about":[{"href":"https:\/\/q-calls.be\/fr\/wp-json\/wp\/v2\/types\/page"}],"author":[{"embeddable":true,"href":"https:\/\/q-calls.be\/fr\/wp-json\/wp\/v2\/users\/1"}],"replies":[{"embeddable":true,"href":"https:\/\/q-calls.be\/fr\/wp-json\/wp\/v2\/comments?post=89"}],"version-history":[{"count":1,"href":"https:\/\/q-calls.be\/fr\/wp-json\/wp\/v2\/pages\/89\/revisions"}],"predecessor-version":[{"id":90,"href":"https:\/\/q-calls.be\/fr\/wp-json\/wp\/v2\/pages\/89\/revisions\/90"}],"wp:attachment":[{"href":"https:\/\/q-calls.be\/fr\/wp-json\/wp\/v2\/media?parent=89"}],"curies":[{"name":"wp","href":"https:\/\/api.w.org\/{rel}","templated":true}]}}