{"id":108,"date":"2020-06-22T10:01:49","date_gmt":"2020-06-22T08:01:49","guid":{"rendered":"https:\/\/q-calls.be\/?page_id=108"},"modified":"2021-03-23T11:07:48","modified_gmt":"2021-03-23T10:07:48","slug":"bedrijven-telesecretariaat","status":"publish","type":"page","link":"https:\/\/q-calls.be\/fr\/bedrijven-telesecretariaat\/","title":{"rendered":"t\u00e9l\u00e9secr\u00e9tariat d&#039;entreprises"},"content":{"rendered":"","protected":false},"excerpt":{"rendered":"","protected":false},"author":1,"featured_media":0,"parent":0,"menu_order":0,"comment_status":"closed","ping_status":"closed","template":"","meta":{"_seopress_robots_primary_cat":"","_seopress_titles_title":"Telesecretariaat voor bedrijven | Q-Calls Contact Center","_seopress_titles_desc":"Ons telesecretariaat voor bedrijven voorziet telefoon permanentie en professioneel telefonische onthaal.  Betaalbare telesecretariaat diensten.","_seopress_robots_index":"","footnotes":""},"class_list":["post-108","page","type-page","status-publish","hentry"],"_links":{"self":[{"href":"https:\/\/q-calls.be\/fr\/wp-json\/wp\/v2\/pages\/108","targetHints":{"allow":["GET"]}}],"collection":[{"href":"https:\/\/q-calls.be\/fr\/wp-json\/wp\/v2\/pages"}],"about":[{"href":"https:\/\/q-calls.be\/fr\/wp-json\/wp\/v2\/types\/page"}],"author":[{"embeddable":true,"href":"https:\/\/q-calls.be\/fr\/wp-json\/wp\/v2\/users\/1"}],"replies":[{"embeddable":true,"href":"https:\/\/q-calls.be\/fr\/wp-json\/wp\/v2\/comments?post=108"}],"version-history":[{"count":1,"href":"https:\/\/q-calls.be\/fr\/wp-json\/wp\/v2\/pages\/108\/revisions"}],"predecessor-version":[{"id":109,"href":"https:\/\/q-calls.be\/fr\/wp-json\/wp\/v2\/pages\/108\/revisions\/109"}],"wp:attachment":[{"href":"https:\/\/q-calls.be\/fr\/wp-json\/wp\/v2\/media?parent=108"}],"curies":[{"name":"wp","href":"https:\/\/api.w.org\/{rel}","templated":true}]}}